{"id":13795,"date":"2024-10-17T18:18:19","date_gmt":"2024-10-17T15:18:19","guid":{"rendered":"https:\/\/www.age.com.tr\/information-society-services\/"},"modified":"2025-09-10T15:37:31","modified_gmt":"2025-09-10T12:37:31","slug":"information-society-services","status":"publish","type":"page","link":"https:\/\/www.age.com.tr\/en\/information-society-services\/","title":{"rendered":"INFORMATION SOCIETY SERVICES"},"content":{"rendered":"\t\t<div data-elementor-type=\"wp-page\" data-elementor-id=\"13795\" class=\"elementor elementor-13795 elementor-12501\" data-elementor-post-type=\"page\">\n\t\t\t\t\t\t<section class=\"elementor-section elementor-top-section elementor-element elementor-element-28e9bb7 elementor-section-boxed elementor-section-height-default elementor-section-height-default\" data-id=\"28e9bb7\" data-element_type=\"section\">\n\t\t\t\t\t\t<div class=\"elementor-container elementor-column-gap-default\">\n\t\t\t\t\t<div class=\"elementor-column elementor-col-33 elementor-top-column elementor-element elementor-element-edfd758\" data-id=\"edfd758\" data-element_type=\"column\" data-settings=\"{&quot;background_background&quot;:&quot;classic&quot;}\">\n\t\t\t<div class=\"elementor-widget-wrap elementor-element-populated\">\n\t\t\t\t\t\t<div class=\"elementor-element elementor-element-e203e04 elementor-widget__width-inherit elementor-widget elementor-widget-heading\" data-id=\"e203e04\" data-element_type=\"widget\" data-widget_type=\"heading.default\">\n\t\t\t\t<div class=\"elementor-widget-container\">\n\t\t\t\t\t<h2 class=\"elementor-heading-title elementor-size-default\">INFORMATION SOCIETY SERVICES<\/h2>\t\t\t\t<\/div>\n\t\t\t\t<\/div>\n\t\t\t\t\t<\/div>\n\t\t<\/div>\n\t\t\t\t<div class=\"elementor-column elementor-col-33 elementor-top-column elementor-element elementor-element-0df0d91\" data-id=\"0df0d91\" data-element_type=\"column\">\n\t\t\t<div class=\"elementor-widget-wrap\">\n\t\t\t\t\t\t\t<\/div>\n\t\t<\/div>\n\t\t\t\t<div class=\"elementor-column elementor-col-33 elementor-top-column elementor-element elementor-element-2876171\" data-id=\"2876171\" data-element_type=\"column\">\n\t\t\t<div class=\"elementor-widget-wrap\">\n\t\t\t\t\t\t\t<\/div>\n\t\t<\/div>\n\t\t\t\t\t<\/div>\n\t\t<\/section>\n\t\t\t\t<section class=\"elementor-section elementor-top-section elementor-element elementor-element-4305ce1 elementor-section-boxed elementor-section-height-default elementor-section-height-default\" data-id=\"4305ce1\" data-element_type=\"section\">\n\t\t\t\t\t\t<div class=\"elementor-container elementor-column-gap-default\">\n\t\t\t\t\t<div class=\"elementor-column elementor-col-33 elementor-top-column elementor-element elementor-element-8e521b0\" data-id=\"8e521b0\" data-element_type=\"column\" data-settings=\"{&quot;background_background&quot;:&quot;classic&quot;}\">\n\t\t\t<div class=\"elementor-widget-wrap elementor-element-populated\">\n\t\t\t\t\t\t\t<\/div>\n\t\t<\/div>\n\t\t\t\t<div class=\"elementor-column elementor-col-33 elementor-top-column elementor-element elementor-element-a136ee5\" data-id=\"a136ee5\" data-element_type=\"column\">\n\t\t\t<div class=\"elementor-widget-wrap elementor-element-populated\">\n\t\t\t\t\t\t<div class=\"elementor-element elementor-element-6b869f9 elementor-widget__width-inherit elementor-widget elementor-widget-heading\" data-id=\"6b869f9\" data-element_type=\"widget\" data-widget_type=\"heading.default\">\n\t\t\t\t<div class=\"elementor-widget-container\">\n\t\t\t\t\t<h2 class=\"elementor-heading-title elementor-size-default\">Company Information<\/h2>\t\t\t\t<\/div>\n\t\t\t\t<\/div>\n\t\t\t\t<div class=\"elementor-element elementor-element-d9de762 elementor-widget elementor-widget-text-editor\" data-id=\"d9de762\" data-element_type=\"widget\" data-widget_type=\"text-editor.default\">\n\t\t\t\t<div class=\"elementor-widget-container\">\n\t\t\t\t\t\t\t\t\t<h4>Name and Title of the Company: <br>Age \u0130n\u015faat Ve Ticaret Anonim \u015eirketi<\/h4><p><strong>Address<\/strong>: <br>Tahran Caddesi No: 19, 06680 Kavakl\u0131dere \/ Ankara<br>Telefon: 0 312 468 82 40<br>Faks: 0 312 468 82 49<\/p><p><strong>Kurulu\u015f Tarihi \/ Faaliyet S\u00fcresi<\/strong>: 23 A\u011fustos 1974 <br><strong>Ticaret Sicil No:<\/strong> 28860<br><strong>Vergi Dairesi:<\/strong> Ankara Kurumlar Vergi Dairesi M\u00fcd\u00fcrl\u00fc\u011f\u00fc<br><strong>Vergi No:<\/strong> 008 006 6907<\/p><p><strong>E-mail:<\/strong> age@age.com.tr<br><strong>Web Site:<\/strong> www.age.com.tr<\/p>\t\t\t\t\t\t\t\t<\/div>\n\t\t\t\t<\/div>\n\t\t\t\t\t<\/div>\n\t\t<\/div>\n\t\t\t\t<div class=\"elementor-column elementor-col-33 elementor-top-column elementor-element elementor-element-90503e4\" data-id=\"90503e4\" data-element_type=\"column\">\n\t\t\t<div class=\"elementor-widget-wrap elementor-element-populated\">\n\t\t\t\t\t\t<div class=\"elementor-element elementor-element-f38ca77 elementor-widget__width-inherit elementor-widget elementor-widget-heading\" data-id=\"f38ca77\" data-element_type=\"widget\" data-widget_type=\"heading.default\">\n\t\t\t\t<div class=\"elementor-widget-container\">\n\t\t\t\t\t<h2 class=\"elementor-heading-title elementor-size-default\">Board of Directors<\/h2>\t\t\t\t<\/div>\n\t\t\t\t<\/div>\n\t\t\t\t<div class=\"elementor-element elementor-element-bfcb81b elementor-widget elementor-widget-text-editor\" data-id=\"bfcb81b\" data-element_type=\"widget\" data-widget_type=\"text-editor.default\">\n\t\t\t\t<div class=\"elementor-widget-container\">\n\t\t\t\t\t\t\t\t\t<h4>Selahattin \u00d6NEN<\/h4><p><strong>Chairman of the Board<\/strong><\/p>\t\t\t\t\t\t\t\t<\/div>\n\t\t\t\t<\/div>\n\t\t\t\t\t<\/div>\n\t\t<\/div>\n\t\t\t\t\t<\/div>\n\t\t<\/section>\n\t\t\t\t<\/div>\n\t\t","protected":false},"excerpt":{"rendered":"<p>INFORMATION SOCIETY SERVICES Company Information Name and Title of the Company: Age \u0130n\u015faat Ve Ticaret Anonim \u015eirketi Address: Tahran Caddesi No: 19, 06680 Kavakl\u0131dere \/ AnkaraTelefon: 0 312 468 82 40Faks: 0 312 468 82 49 Kurulu\u015f Tarihi \/ Faaliyet S\u00fcresi: 23 A\u011fustos 1974 Ticaret Sicil No: 28860Vergi Dairesi: Ankara Kurumlar Vergi Dairesi M\u00fcd\u00fcrl\u00fc\u011f\u00fcVergi No: [&hellip;]<\/p>\n","protected":false},"author":1,"featured_media":0,"parent":0,"menu_order":0,"comment_status":"closed","ping_status":"closed","template":"elementor_header_footer","meta":{"inline_featured_image":false,"footnotes":""},"class_list":["post-13795","page","type-page","status-publish","hentry"],"_links":{"self":[{"href":"https:\/\/www.age.com.tr\/en\/wp-json\/wp\/v2\/pages\/13795","targetHints":{"allow":["GET"]}}],"collection":[{"href":"https:\/\/www.age.com.tr\/en\/wp-json\/wp\/v2\/pages"}],"about":[{"href":"https:\/\/www.age.com.tr\/en\/wp-json\/wp\/v2\/types\/page"}],"author":[{"embeddable":true,"href":"https:\/\/www.age.com.tr\/en\/wp-json\/wp\/v2\/users\/1"}],"replies":[{"embeddable":true,"href":"https:\/\/www.age.com.tr\/en\/wp-json\/wp\/v2\/comments?post=13795"}],"version-history":[{"count":3,"href":"https:\/\/www.age.com.tr\/en\/wp-json\/wp\/v2\/pages\/13795\/revisions"}],"predecessor-version":[{"id":13808,"href":"https:\/\/www.age.com.tr\/en\/wp-json\/wp\/v2\/pages\/13795\/revisions\/13808"}],"wp:attachment":[{"href":"https:\/\/www.age.com.tr\/en\/wp-json\/wp\/v2\/media?parent=13795"}],"curies":[{"name":"wp","href":"https:\/\/api.w.org\/{rel}","templated":true}]}}